{"id":1183,"date":"2018-06-06T11:13:58","date_gmt":"2018-06-06T11:13:58","guid":{"rendered":"https:\/\/foton.qodeinteractive.com\/elementor\/?page_id=1183"},"modified":"2026-02-03T20:41:14","modified_gmt":"2026-02-03T20:41:14","slug":"contact-us","status":"publish","type":"page","link":"https:\/\/cunning.biz\/index.php\/contact-us\/","title":{"rendered":"Imprint"},"content":{"rendered":"\t\t<div data-elementor-type=\"wp-page\" data-elementor-id=\"1183\" class=\"elementor elementor-1183\">\n\t\t\t\t\t\t<section class=\"mkdf-parallax-row-holder elementor-section elementor-top-section elementor-element elementor-element-1aa7b8b elementor-section-full_width elementor-section-content-middle mkdf-parallax-row-holder elementor-section-height-default elementor-section-height-default mkdf-row-grid-no mkdf-disabled-bg-image-bellow-no\" data-parallax-bg-speed=\"1\" data-parallax-bg-image=\"https:\/\/cunning.biz\/wp-content\/uploads\/2018\/06\/p8-title-img1.png\" data-id=\"1aa7b8b\" data-element_type=\"section\" data-e-type=\"section\" data-settings=\"{&quot;background_background&quot;:&quot;classic&quot;,&quot;mikado_parallax_image&quot;:{&quot;url&quot;:&quot;https:\\\/\\\/cunning.biz\\\/wp-content\\\/uploads\\\/2018\\\/06\\\/p8-title-img1.png&quot;,&quot;id&quot;:4560,&quot;size&quot;:&quot;&quot;}}\">\n\t\t\t\t\t\t<div class=\"elementor-container elementor-column-gap-default\">\n\t\t\t\t\t<div class=\"elementor-column elementor-col-50 elementor-top-column elementor-element elementor-element-b52f82c\" data-id=\"b52f82c\" data-element_type=\"column\" data-e-type=\"column\" data-settings=\"{&quot;background_background&quot;:&quot;classic&quot;}\">\n\t\t\t<div class=\"elementor-widget-wrap elementor-element-populated\">\n\t\t\t\t\t\t<div class=\"elementor-element elementor-element-73eee09 elementor-widget__width-initial elementor-widget elementor-widget-mkdf_elementor_section_title\" data-id=\"73eee09\" data-element_type=\"widget\" data-e-type=\"widget\" data-widget_type=\"mkdf_elementor_section_title.default\">\n\t\t\t\t<div class=\"elementor-widget-container\">\n\t\t\t\t\t<div class=\"mkdf-section-title-holder  mkdf-st-standard mkdf-st-title-left mkdf-st-normal-space \" >\n\t<div class=\"mkdf-st-inner\">\n\t\t\t\t\t<h2 class=\"mkdf-st-title\" >\n\t\t\t\tImpressum\t\t\t<\/h2>\n\t\t\t\t\t<\/div>\n<\/div>\t\t\t\t<\/div>\n\t\t\t\t<\/div>\n\t\t\t\t\t<\/div>\n\t\t<\/div>\n\t\t\t\t<div class=\"elementor-column elementor-col-50 elementor-top-column elementor-element elementor-element-81ab1c5\" data-id=\"81ab1c5\" data-element_type=\"column\" data-e-type=\"column\">\n\t\t\t<div class=\"elementor-widget-wrap elementor-element-populated\">\n\t\t\t\t\t\t<div class=\"elementor-element elementor-element-e8a2e46 elementor-invisible elementor-widget elementor-widget-mkdf_elementor_single_image\" data-id=\"e8a2e46\" data-element_type=\"widget\" data-e-type=\"widget\" data-settings=\"{&quot;_animation&quot;:&quot;slideInRight&quot;}\" data-widget_type=\"mkdf_elementor_single_image.default\">\n\t\t\t\t<div class=\"elementor-widget-container\">\n\t\t\t\t\t<div class=\"mkdf-single-image-holder    \">\n    <div class=\"mkdf-si-inner\" >\n                                                            <\/div>\n<\/div>\t\t\t\t<\/div>\n\t\t\t\t<\/div>\n\t\t\t\t\t<\/div>\n\t\t<\/div>\n\t\t\t\t\t<\/div>\n\t\t<\/section>\n\t\t\t\t<section class=\"elementor-section elementor-top-section elementor-element elementor-element-fdfff2e elementor-section-full_width elementor-section-content-middle mkdf-row-grid-section elementor-section-height-default elementor-section-height-default mkdf-parallax-row-no mkdf-disabled-bg-image-bellow-no\" data-id=\"fdfff2e\" data-element_type=\"section\" data-e-type=\"section\">\n\t\t\t\t\t\t<div class=\"elementor-container elementor-column-gap-default\">\n\t\t\t\t\t<div class=\"elementor-column elementor-col-100 elementor-top-column elementor-element elementor-element-c7aaeb5\" data-id=\"c7aaeb5\" data-element_type=\"column\" data-e-type=\"column\">\n\t\t\t<div class=\"elementor-widget-wrap elementor-element-populated\">\n\t\t\t\t\t\t<div class=\"elementor-element elementor-element-31e78d0 elementor-widget elementor-widget-mkdf_elementor_section_title\" data-id=\"31e78d0\" data-element_type=\"widget\" data-e-type=\"widget\" data-widget_type=\"mkdf_elementor_section_title.default\">\n\t\t\t\t<div class=\"elementor-widget-container\">\n\t\t\t\t\t<div class=\"mkdf-section-title-holder  mkdf-st-standard mkdf-st-title-left mkdf-st-normal-space \" >\n\t<div class=\"mkdf-st-inner\">\n\t\t\t\t\t<h3 class=\"mkdf-st-title\" >\n\t\t\t\tAngaben gem\u00e4\u00df \u00a7 5 TMG:\t\t\t<\/h3>\n\t\t\t\t\t\t\t<h5 class=\"mkdf-st-text\" >\n\t\t\t\tCunning GmbH<\/br><\/br>\n\nPostanschrift:<\/br>\nCunning GmbH<\/br>\nSonnenstr. 22<\/br>\n80331 M\u00fcnchen<\/br><\/br>\n\nUmsatzsteuer ID: DE351194272<\/br>\nHandelsregister M\u00fcnchen: HRB 273754<\/br><\/br>\n\nKontakt: E-Mail: info@cunning.biz<\/br><\/br>\n\nVertreten durch: Jeff Rickard<\/br><\/br>\n\nHinweise zur Website<\/br>\nInformation gem\u00e4\u00df \u00a7 36 VSBG<\/br>\nGem\u00e4\u00df \u00a7 36 VSBG <\/br>(Verbraucherstreitbeilegungsgesetz \u2013 Gesetz \u00fcber die alternative Streitbeilegung in Verbrauchersachen) erkl\u00e4rt der Betreiber dieser Website:<\/br><\/br>\n\nWir sind weder bereit noch verpflichtet, an Streitbeilegungsverfahren vor einer Verbraucherschlichtungsstelle teilzunehmen.\t\t\t<\/h5>\n\t\t\t<\/div>\n<\/div>\t\t\t\t<\/div>\n\t\t\t\t<\/div>\n\t\t\t\t\t<\/div>\n\t\t<\/div>\n\t\t\t\t\t<\/div>\n\t\t<\/section>\n\t\t\t\t<\/div>\n\t\t","protected":false},"excerpt":{"rendered":"<p>Impressum Angaben gem\u00e4\u00df \u00a7 5 TMG: Cunning GmbH Postanschrift: Cunning GmbH Sonnenstr. 22 80331 M\u00fcnchen Umsatzsteuer ID: DE351194272 Handelsregister M\u00fcnchen: HRB 273754 Kontakt: E-Mail: info@cunning.biz Vertreten durch: Jeff Rickard Hinweise zur Website Information gem\u00e4\u00df \u00a7 36 VSBG Gem\u00e4\u00df \u00a7 36 [&hellip;]<\/p>\n","protected":false},"author":1,"featured_media":0,"parent":0,"menu_order":0,"comment_status":"closed","ping_status":"closed","template":"full-width.php","meta":{"footnotes":""},"class_list":["post-1183","page","type-page","status-publish","hentry"],"_links":{"self":[{"href":"https:\/\/cunning.biz\/index.php\/wp-json\/wp\/v2\/pages\/1183","targetHints":{"allow":["GET"]}}],"collection":[{"href":"https:\/\/cunning.biz\/index.php\/wp-json\/wp\/v2\/pages"}],"about":[{"href":"https:\/\/cunning.biz\/index.php\/wp-json\/wp\/v2\/types\/page"}],"author":[{"embeddable":true,"href":"https:\/\/cunning.biz\/index.php\/wp-json\/wp\/v2\/users\/1"}],"replies":[{"embeddable":true,"href":"https:\/\/cunning.biz\/index.php\/wp-json\/wp\/v2\/comments?post=1183"}],"version-history":[{"count":87,"href":"https:\/\/cunning.biz\/index.php\/wp-json\/wp\/v2\/pages\/1183\/revisions"}],"predecessor-version":[{"id":14470,"href":"https:\/\/cunning.biz\/index.php\/wp-json\/wp\/v2\/pages\/1183\/revisions\/14470"}],"wp:attachment":[{"href":"https:\/\/cunning.biz\/index.php\/wp-json\/wp\/v2\/media?parent=1183"}],"curies":[{"name":"wp","href":"https:\/\/api.w.org\/{rel}","templated":true}]}}